{"id":12,"date":"2026-02-14T14:16:20","date_gmt":"2026-02-14T14:16:20","guid":{"rendered":"https:\/\/www.inred.ro\/blog\/?page_id=12"},"modified":"2026-02-14T16:16:50","modified_gmt":"2026-02-14T16:16:50","slug":"home","status":"publish","type":"page","link":"https:\/\/www.inred.ro\/blog\/","title":{"rendered":"Blog Tipar"},"content":{"rendered":"\n<div class=\"wp-block-query is-layout-flow wp-block-query-is-layout-flow\"><ul class=\"wp-block-post-template is-layout-flow wp-block-post-template-is-layout-flow\"><li class=\"wp-block-post post-106 post type-post status-publish format-standard has-post-thumbnail hentry category-uncategorized\">\n<h2 style=\"font-size:26px;font-style:normal;font-weight:700;\" class=\"wp-block-post-title\"><a href=\"https:\/\/www.inred.ro\/blog\/cum-alegi-materiale-promotionale-eficiente-pentru-afacerea-ta\" target=\"_self\" >Cum Alegi Materiale Promo\u021bionale Eficiente Pentru Afacerea Ta: Ghid Complet 2026<\/a><\/h2>\n\n<figure style=\"aspect-ratio:auto;\" class=\"alignwide wp-block-post-featured-image\"><a href=\"https:\/\/www.inred.ro\/blog\/cum-alegi-materiale-promotionale-eficiente-pentru-afacerea-ta\" target=\"_self\"  ><img loading=\"lazy\" decoding=\"async\" width=\"1408\" height=\"768\" src=\"https:\/\/www.inred.ro\/blog\/wp-content\/uploads\/2026\/02\/article-c2bb5b6a-3f64-4518-aae0-eedd484816d6-2f0b109b.png\" class=\"attachment-post-thumbnail size-post-thumbnail wp-post-image\" alt=\"Cum Alegi Materiale Promo\u021bionale Eficiente Pentru Afacerea Ta: Ghid Complet 2026\" style=\"width:100%;height:100%;object-fit:cover;\" \/><\/a><\/figure>\n\n<div class=\"wp-block-post-excerpt\"><p class=\"wp-block-post-excerpt__excerpt\">Te \u00eentrebi cum alegi materiale promo\u021bionale cu impact real? Descoper\u0103 ghidul nostru pentru antreprenori din Arad \u0219i nu numai. Alege inteligent cu Inred Printing! <\/p><\/div>\n\n\n<hr class=\"wp-block-separator has-css-opacity\"\/>\n\n<\/li><li class=\"wp-block-post post-98 post type-post status-publish format-standard has-post-thumbnail hentry category-tipografie-arad\">\n<h2 style=\"font-size:26px;font-style:normal;font-weight:700;\" class=\"wp-block-post-title\"><a href=\"https:\/\/www.inred.ro\/blog\/carti-de-vizita-premium-in-arad\" target=\"_self\" >C\u0103r\u021bi de vizit\u0103 premium \u00een Arad<\/a><\/h2>\n\n<figure style=\"aspect-ratio:auto;\" class=\"alignwide wp-block-post-featured-image\"><a href=\"https:\/\/www.inred.ro\/blog\/carti-de-vizita-premium-in-arad\" target=\"_self\"  ><img loading=\"lazy\" decoding=\"async\" width=\"956\" height=\"530\" src=\"https:\/\/www.inred.ro\/blog\/wp-content\/uploads\/2026\/02\/carti-vizita-premium-arad.png\" class=\"attachment-post-thumbnail size-post-thumbnail wp-post-image\" alt=\"C\u0103r\u021bi de vizit\u0103 premium \u00een Arad\" style=\"width:100%;height:100%;object-fit:cover;\" \/><\/a><\/figure>\n\n<div class=\"wp-block-post-excerpt\"><p class=\"wp-block-post-excerpt__excerpt\">\u00cen mediul de business, detaliile fac diferen\u021ba.O carte de vizit\u0103 premium nu este doar o bucat\u0103 de carton mai gros. Este o declara\u021bie despre pozi\u021bionarea brandului t\u0103u. \u00cen Arad, tot mai multe companii aleg variante premium pentru c\u0103: Dar c\u00e2nd merit\u0103 cu adev\u0103rat investi\u021bia? Ce \u00eenseamn\u0103 \u201epremium\u201d la o carte de vizit\u0103? O carte de&hellip; <\/p><\/div>\n\n\n<hr class=\"wp-block-separator has-css-opacity\"\/>\n\n<\/li><li class=\"wp-block-post post-43 post type-post status-publish format-standard has-post-thumbnail hentry category-tipografie-arad\">\n<h2 style=\"font-size:26px;font-style:normal;font-weight:700;\" class=\"wp-block-post-title\"><a href=\"https:\/\/www.inred.ro\/blog\/cum-alegi-o-tipografie-in-arad-ghid-firme\" target=\"_self\" >Cum alegi o tipografie \u00een Arad \u2013 Ghid complet pentru firme<\/a><\/h2>\n\n<figure style=\"aspect-ratio:auto;\" class=\"alignwide wp-block-post-featured-image\"><a href=\"https:\/\/www.inred.ro\/blog\/cum-alegi-o-tipografie-in-arad-ghid-firme\" target=\"_self\"  ><img loading=\"lazy\" decoding=\"async\" width=\"845\" height=\"321\" src=\"https:\/\/www.inred.ro\/blog\/wp-content\/uploads\/2026\/02\/cum-alegi-tipografie-arad-845x321-1.png\" class=\"attachment-post-thumbnail size-post-thumbnail wp-post-image\" alt=\"Cum alegi o tipografie \u00een Arad \u2013 Ghid complet pentru firme\" style=\"width:100%;height:100%;object-fit:cover;\" \/><\/a><\/figure>\n\n<div class=\"wp-block-post-excerpt\"><p class=\"wp-block-post-excerpt__excerpt\">Alegerea unei tipografii \u00een Arad poate p\u0103rea simpl\u0103 la prima vedere, \u00eens\u0103 diferen\u021bele dintre furnizori pot influen\u021ba direct imaginea companiei tale, costurile \u0219i rezultatul final al materialelor printate. \u00cen acest ghid explic\u0103m la ce trebuie s\u0103 fii atent atunci c\u00e2nd alegi o tipografie \u00een Arad, astfel \u00eenc\u00e2t materialele tale s\u0103 arate profesionist \u0219i s\u0103 \u00ee\u021bi&hellip; <\/p><\/div>\n\n\n<hr class=\"wp-block-separator has-css-opacity\"\/>\n\n<\/li><li class=\"wp-block-post post-37 post type-post status-publish format-standard has-post-thumbnail hentry category-ghid-print\">\n<h2 style=\"font-size:26px;font-style:normal;font-weight:700;\" class=\"wp-block-post-title\"><a href=\"https:\/\/www.inred.ro\/blog\/mai-folosim-pliante-si-cand-ai-nevoie-de-unul\" target=\"_self\" >Mai folosim pliante si cand ai nevoie de unul?<\/a><\/h2>\n\n<figure style=\"aspect-ratio:auto;\" class=\"alignwide wp-block-post-featured-image\"><a href=\"https:\/\/www.inred.ro\/blog\/mai-folosim-pliante-si-cand-ai-nevoie-de-unul\" target=\"_self\"  ><img loading=\"lazy\" decoding=\"async\" width=\"600\" height=\"321\" src=\"https:\/\/www.inred.ro\/blog\/wp-content\/uploads\/2026\/02\/pliant-A5-600x400-600x321-1.jpg\" class=\"attachment-post-thumbnail size-post-thumbnail wp-post-image\" alt=\"Mai folosim pliante si cand ai nevoie de unul?\" style=\"width:100%;height:100%;object-fit:cover;\" \/><\/a><\/figure>\n\n<div class=\"wp-block-post-excerpt\"><p class=\"wp-block-post-excerpt__excerpt\">Un pliant te ajuta in foarte multe feluri insa depinde foarte mult de scopul lui si de modul in care il folosesti. Este o metoda eficienta de a cuprinde informatii precise, anumite oferte speciale si mai ales de a prezenta compania ta.Pliantele te pot ajuta sa realizezi urmatoarele obiective: \u2013 Promovarea serviciilor: un pliant poate&hellip; <\/p><\/div>\n\n\n<hr class=\"wp-block-separator has-css-opacity\"\/>\n\n<\/li><li class=\"wp-block-post post-35 post type-post status-publish format-standard has-post-thumbnail hentry category-design\">\n<h2 style=\"font-size:26px;font-style:normal;font-weight:700;\" class=\"wp-block-post-title\"><a href=\"https:\/\/www.inred.ro\/blog\/ce-trebuie-sa-contina-un-material-publicitar\" target=\"_self\" >Ce trebuie sa contina un material publicitar?<\/a><\/h2>\n\n<figure style=\"aspect-ratio:auto;\" class=\"alignwide wp-block-post-featured-image\"><a href=\"https:\/\/www.inred.ro\/blog\/ce-trebuie-sa-contina-un-material-publicitar\" target=\"_self\"  ><img loading=\"lazy\" decoding=\"async\" width=\"360\" height=\"205\" src=\"https:\/\/www.inred.ro\/blog\/wp-content\/uploads\/2026\/02\/print-premium2.jpg\" class=\"attachment-post-thumbnail size-post-thumbnail wp-post-image\" alt=\"Ce trebuie sa contina un material publicitar?\" style=\"width:100%;height:100%;object-fit:cover;\" \/><\/a><\/figure>\n\n<div class=\"wp-block-post-excerpt\"><p class=\"wp-block-post-excerpt__excerpt\">Pentru a iesi in evidenta, materialele publicitare trebuie sa fie in primul rand de calitate. Daca brandul tau ofera servicii sau produse calitative insa materialele utilizate pentru a-ti face reclama au o calitate inferioara, transmiti un mesaj gresit din start. Materialele trebuie sa fie o reprezentare a ceea ce vinzi dar si a ceea ce&hellip; <\/p><\/div>\n\n\n<hr class=\"wp-block-separator has-css-opacity\"\/>\n\n<\/li><li class=\"wp-block-post post-33 post type-post status-publish format-standard has-post-thumbnail hentry category-design category-ghid-print\">\n<h2 style=\"font-size:26px;font-style:normal;font-weight:700;\" class=\"wp-block-post-title\"><a href=\"https:\/\/www.inred.ro\/blog\/cum-concepi-o-carte-de-vizita\" target=\"_self\" >Cum concepi o carte de vizit\u0103?<\/a><\/h2>\n\n<figure style=\"aspect-ratio:auto;\" class=\"alignwide wp-block-post-featured-image\"><a href=\"https:\/\/www.inred.ro\/blog\/cum-concepi-o-carte-de-vizita\" target=\"_self\"  ><img loading=\"lazy\" decoding=\"async\" width=\"600\" height=\"321\" src=\"https:\/\/www.inred.ro\/blog\/wp-content\/uploads\/2026\/02\/materiale-marketing-600x321-1.jpg\" class=\"attachment-post-thumbnail size-post-thumbnail wp-post-image\" alt=\"Cum concepi o carte de vizit\u0103?\" style=\"width:100%;height:100%;object-fit:cover;\" \/><\/a><\/figure>\n\n<div class=\"wp-block-post-excerpt\"><p class=\"wp-block-post-excerpt__excerpt\">C\u0103r\u021bile de vizit\u0103&nbsp;sunt cele mai utilizate materiale publicitare de identificare, motiv pentru care ele trebuie s\u0103 exprime \u00eentocmai identitatea companiei \u0219i s\u0103 o pun\u0103 \u00een valoare c\u00e2t mai bine. \u00cen cele ce urmeaz\u0103, vom vorbi despre elementele care compun o carte de vizit\u0103, precum \u0219i despre anumite detalii tehnice de care trebuie s\u0103 \u021bi cont&hellip; <\/p><\/div>\n\n\n<hr class=\"wp-block-separator has-css-opacity\"\/>\n\n<\/li><li class=\"wp-block-post post-31 post type-post status-publish format-standard has-post-thumbnail hentry category-uncategorized\">\n<h2 style=\"font-size:26px;font-style:normal;font-weight:700;\" class=\"wp-block-post-title\"><a href=\"https:\/\/www.inred.ro\/blog\/fisiere-designer\" target=\"_self\" >Ce fi\u0219iere s\u0103 ceri designerului t\u0103u?<\/a><\/h2>\n\n<figure style=\"aspect-ratio:auto;\" class=\"alignwide wp-block-post-featured-image\"><a href=\"https:\/\/www.inred.ro\/blog\/fisiere-designer\" target=\"_self\"  ><img loading=\"lazy\" decoding=\"async\" width=\"845\" height=\"321\" src=\"https:\/\/www.inred.ro\/blog\/wp-content\/uploads\/2026\/02\/Designer-845x321-1.jpg\" class=\"attachment-post-thumbnail size-post-thumbnail wp-post-image\" alt=\"Ce fi\u0219iere s\u0103 ceri designerului t\u0103u?\" style=\"width:100%;height:100%;object-fit:cover;\" \/><\/a><\/figure>\n\n<div class=\"wp-block-post-excerpt\"><p class=\"wp-block-post-excerpt__excerpt\">Indiferent c\u0103 lucrezi cu un designer independent, cu o agen\u021bie de publicitate sau cu o tipografie regula este aceea\u0219i:Dac\u0103 ai pl\u0103tit serviciile de design trebuie s\u0103 ai \u0219i tu at\u00e2t un preview&nbsp;c\u00e2t \u0219i&nbsp;fi\u0219ierele surs\u0103. Dac\u0103 serviciile au fost oferite gratuit \u00een majoritatea cazurilor nu vei primii aceste fi\u0219iere \u0219i nici nu este obligat sa \u021bi&hellip; <\/p><\/div>\n\n\n<hr class=\"wp-block-separator has-css-opacity\"\/>\n\n<\/li><li class=\"wp-block-post post-28 post type-post status-publish format-standard has-post-thumbnail hentry category-ghid-print\">\n<h2 style=\"font-size:26px;font-style:normal;font-weight:700;\" class=\"wp-block-post-title\"><a href=\"https:\/\/www.inred.ro\/blog\/pregatire-design-tipar\" target=\"_self\" >Cum pregate\u0219ti design-ul \u00eenainte s\u0103-l dai la tipar?<\/a><\/h2>\n\n<figure style=\"aspect-ratio:auto;\" class=\"alignwide wp-block-post-featured-image\"><a href=\"https:\/\/www.inred.ro\/blog\/pregatire-design-tipar\" target=\"_self\"  ><img loading=\"lazy\" decoding=\"async\" width=\"845\" height=\"321\" src=\"https:\/\/www.inred.ro\/blog\/wp-content\/uploads\/2026\/02\/artwork-prepress-production-05-1-845x321-1.jpg\" class=\"attachment-post-thumbnail size-post-thumbnail wp-post-image\" alt=\"Cum pregate\u0219ti design-ul \u00eenainte s\u0103-l dai la tipar?\" style=\"width:100%;height:100%;object-fit:cover;\" \/><\/a><\/figure>\n\n<div class=\"wp-block-post-excerpt\"><p class=\"wp-block-post-excerpt__excerpt\">Dorim ca fiecare lucrare sa iasa la calitatea maxima posibila. Primul si cel mai important element din acest proces, de multe ori nu se afla in mainile noastre. Este vorba de: Macheta Lucrarii Cum arata un design necalitativ:&nbsp;rezolutie slaba, densitate mica a pixelilor, prost prelucrata, profil necorespunzator etc. Ce inseamna un design necalitativ la productie:&nbsp;costuri&hellip; <\/p><\/div>\n\n\n<hr class=\"wp-block-separator has-css-opacity\"\/>\n\n<\/li><li class=\"wp-block-post post-18 post type-post status-publish format-standard has-post-thumbnail hentry category-ghid-print\">\n<h2 style=\"font-size:26px;font-style:normal;font-weight:700;\" class=\"wp-block-post-title\"><a href=\"https:\/\/www.inred.ro\/blog\/cat-ai-putea-economisi-prin-fontul-ales\" target=\"_self\" >Cat ai putea economisi prin fontul ales?<\/a><\/h2>\n\n<figure style=\"aspect-ratio:auto;\" class=\"alignwide wp-block-post-featured-image\"><a href=\"https:\/\/www.inred.ro\/blog\/cat-ai-putea-economisi-prin-fontul-ales\" target=\"_self\"  ><img loading=\"lazy\" decoding=\"async\" width=\"845\" height=\"321\" src=\"https:\/\/www.inred.ro\/blog\/wp-content\/uploads\/2026\/02\/fonts-845x321-1.jpg\" class=\"attachment-post-thumbnail size-post-thumbnail wp-post-image\" alt=\"Cat ai putea economisi prin fontul ales?\" style=\"width:100%;height:100%;object-fit:cover;\" \/><\/a><\/figure>\n\n<div class=\"wp-block-post-excerpt\"><p class=\"wp-block-post-excerpt__excerpt\">Folosing programul APFill Ink Coverage, Suvir a analizat cat de multa cerneala este folosita de 4 fonturi: Century Gothic, Comic Sans, Garamond si Times New Roman.&nbsp; Font-ul care consuma cel mai putin cerneala a iesit Garamond. Diferenta dintre font-ul Times New Roman, care este cel mai folosit font de catre institutii pretutindeni si Garamond ar&hellip; <\/p><\/div>\n\n\n<hr class=\"wp-block-separator has-css-opacity\"\/>\n\n<\/li><\/ul><\/div>\n","protected":false},"excerpt":{"rendered":"","protected":false},"author":1,"featured_media":0,"parent":0,"menu_order":0,"comment_status":"closed","ping_status":"closed","template":"","meta":{"footnotes":""},"class_list":["post-12","page","type-page","status-publish"],"featured_image_url":[],"post_author":"admin","assigned_categories":"","yoast_head":"<!-- This site is optimized with the Yoast SEO plugin v27.0 - https:\/\/yoast.com\/product\/yoast-seo-wordpress\/ -->\n<title>Blog Tipar - Tipografie Arad | Inred. Printing Blog<\/title>\n<meta name=\"robots\" content=\"index, follow, max-snippet:-1, max-image-preview:large, max-video-preview:-1\" \/>\n<link rel=\"canonical\" href=\"https:\/\/www.inred.ro\/blog\/\" \/>\n<meta property=\"og:locale\" content=\"en_US\" \/>\n<meta property=\"og:type\" content=\"article\" \/>\n<meta property=\"og:title\" content=\"Blog Tipar - Tipografie Arad | Inred. Printing Blog\" \/>\n<meta property=\"og:url\" content=\"https:\/\/www.inred.ro\/blog\/\" \/>\n<meta property=\"og:site_name\" content=\"Tipografie Arad | Inred. Printing Blog\" \/>\n<meta property=\"article:modified_time\" content=\"2026-02-14T16:16:50+00:00\" \/>\n<meta name=\"twitter:card\" content=\"summary_large_image\" \/>\n<script type=\"application\/ld+json\" class=\"yoast-schema-graph\">{\"@context\":\"https:\/\/schema.org\",\"@graph\":[{\"@type\":\"WebPage\",\"@id\":\"https:\/\/www.inred.ro\/blog\/\",\"url\":\"https:\/\/www.inred.ro\/blog\/\",\"name\":\"Blog Tipar - Tipografie Arad | Inred. Printing Blog\",\"isPartOf\":{\"@id\":\"https:\/\/www.inred.ro\/blog\/#website\"},\"datePublished\":\"2026-02-14T14:16:20+00:00\",\"dateModified\":\"2026-02-14T16:16:50+00:00\",\"breadcrumb\":{\"@id\":\"https:\/\/www.inred.ro\/blog\/#breadcrumb\"},\"inLanguage\":\"en-US\",\"potentialAction\":[{\"@type\":\"ReadAction\",\"target\":[\"https:\/\/www.inred.ro\/blog\/\"]}]},{\"@type\":\"BreadcrumbList\",\"@id\":\"https:\/\/www.inred.ro\/blog\/#breadcrumb\",\"itemListElement\":[{\"@type\":\"ListItem\",\"position\":1,\"name\":\"Home\",\"item\":\"https:\/\/www.inred.ro\/blog\/\"},{\"@type\":\"ListItem\",\"position\":2,\"name\":\"Blog Tipar\"}]},{\"@type\":\"WebSite\",\"@id\":\"https:\/\/www.inred.ro\/blog\/#website\",\"url\":\"https:\/\/www.inred.ro\/blog\/\",\"name\":\"Tipografie Arad | Inred. Printing Blog\",\"description\":\"Articole utile despre Print Premium pentru Afaceri de la tipografia Inred Printing din Arad\",\"publisher\":{\"@id\":\"https:\/\/www.inred.ro\/blog\/#organization\"},\"potentialAction\":[{\"@type\":\"SearchAction\",\"target\":{\"@type\":\"EntryPoint\",\"urlTemplate\":\"https:\/\/www.inred.ro\/blog\/?s={search_term_string}\"},\"query-input\":{\"@type\":\"PropertyValueSpecification\",\"valueRequired\":true,\"valueName\":\"search_term_string\"}}],\"inLanguage\":\"en-US\"},{\"@type\":\"Organization\",\"@id\":\"https:\/\/www.inred.ro\/blog\/#organization\",\"name\":\"Tipografie Arad | Inred. Printing Blog\",\"url\":\"https:\/\/www.inred.ro\/blog\/\",\"logo\":{\"@type\":\"ImageObject\",\"inLanguage\":\"en-US\",\"@id\":\"https:\/\/www.inred.ro\/blog\/#\/schema\/logo\/image\/\",\"url\":\"https:\/\/www.inred.ro\/blog\/wp-content\/uploads\/2026\/02\/logo-Tipografie-Arad.png\",\"contentUrl\":\"https:\/\/www.inred.ro\/blog\/wp-content\/uploads\/2026\/02\/logo-Tipografie-Arad.png\",\"width\":118,\"height\":115,\"caption\":\"Tipografie Arad | Inred. Printing Blog\"},\"image\":{\"@id\":\"https:\/\/www.inred.ro\/blog\/#\/schema\/logo\/image\/\"}}]}<\/script>\n<!-- \/ Yoast SEO plugin. -->","yoast_head_json":{"title":"Blog Tipar - Tipografie Arad | Inred. Printing Blog","robots":{"index":"index","follow":"follow","max-snippet":"max-snippet:-1","max-image-preview":"max-image-preview:large","max-video-preview":"max-video-preview:-1"},"canonical":"https:\/\/www.inred.ro\/blog\/","og_locale":"en_US","og_type":"article","og_title":"Blog Tipar - Tipografie Arad | Inred. Printing Blog","og_url":"https:\/\/www.inred.ro\/blog\/","og_site_name":"Tipografie Arad | Inred. Printing Blog","article_modified_time":"2026-02-14T16:16:50+00:00","twitter_card":"summary_large_image","schema":{"@context":"https:\/\/schema.org","@graph":[{"@type":"WebPage","@id":"https:\/\/www.inred.ro\/blog\/","url":"https:\/\/www.inred.ro\/blog\/","name":"Blog Tipar - Tipografie Arad | Inred. Printing Blog","isPartOf":{"@id":"https:\/\/www.inred.ro\/blog\/#website"},"datePublished":"2026-02-14T14:16:20+00:00","dateModified":"2026-02-14T16:16:50+00:00","breadcrumb":{"@id":"https:\/\/www.inred.ro\/blog\/#breadcrumb"},"inLanguage":"en-US","potentialAction":[{"@type":"ReadAction","target":["https:\/\/www.inred.ro\/blog\/"]}]},{"@type":"BreadcrumbList","@id":"https:\/\/www.inred.ro\/blog\/#breadcrumb","itemListElement":[{"@type":"ListItem","position":1,"name":"Home","item":"https:\/\/www.inred.ro\/blog\/"},{"@type":"ListItem","position":2,"name":"Blog Tipar"}]},{"@type":"WebSite","@id":"https:\/\/www.inred.ro\/blog\/#website","url":"https:\/\/www.inred.ro\/blog\/","name":"Tipografie Arad | Inred. Printing Blog","description":"Articole utile despre Print Premium pentru Afaceri de la tipografia Inred Printing din Arad","publisher":{"@id":"https:\/\/www.inred.ro\/blog\/#organization"},"potentialAction":[{"@type":"SearchAction","target":{"@type":"EntryPoint","urlTemplate":"https:\/\/www.inred.ro\/blog\/?s={search_term_string}"},"query-input":{"@type":"PropertyValueSpecification","valueRequired":true,"valueName":"search_term_string"}}],"inLanguage":"en-US"},{"@type":"Organization","@id":"https:\/\/www.inred.ro\/blog\/#organization","name":"Tipografie Arad | Inred. Printing Blog","url":"https:\/\/www.inred.ro\/blog\/","logo":{"@type":"ImageObject","inLanguage":"en-US","@id":"https:\/\/www.inred.ro\/blog\/#\/schema\/logo\/image\/","url":"https:\/\/www.inred.ro\/blog\/wp-content\/uploads\/2026\/02\/logo-Tipografie-Arad.png","contentUrl":"https:\/\/www.inred.ro\/blog\/wp-content\/uploads\/2026\/02\/logo-Tipografie-Arad.png","width":118,"height":115,"caption":"Tipografie Arad | Inred. Printing Blog"},"image":{"@id":"https:\/\/www.inred.ro\/blog\/#\/schema\/logo\/image\/"}}]}},"_links":{"self":[{"href":"https:\/\/www.inred.ro\/blog\/wp-json\/wp\/v2\/pages\/12","targetHints":{"allow":["GET"]}}],"collection":[{"href":"https:\/\/www.inred.ro\/blog\/wp-json\/wp\/v2\/pages"}],"about":[{"href":"https:\/\/www.inred.ro\/blog\/wp-json\/wp\/v2\/types\/page"}],"author":[{"embeddable":true,"href":"https:\/\/www.inred.ro\/blog\/wp-json\/wp\/v2\/users\/1"}],"replies":[{"embeddable":true,"href":"https:\/\/www.inred.ro\/blog\/wp-json\/wp\/v2\/comments?post=12"}],"version-history":[{"count":10,"href":"https:\/\/www.inred.ro\/blog\/wp-json\/wp\/v2\/pages\/12\/revisions"}],"predecessor-version":[{"id":96,"href":"https:\/\/www.inred.ro\/blog\/wp-json\/wp\/v2\/pages\/12\/revisions\/96"}],"wp:attachment":[{"href":"https:\/\/www.inred.ro\/blog\/wp-json\/wp\/v2\/media?parent=12"}],"curies":[{"name":"wp","href":"https:\/\/api.w.org\/{rel}","templated":true}]}}